{"id":147,"date":"2020-02-10T10:34:05","date_gmt":"2020-02-10T10:34:05","guid":{"rendered":"https:\/\/bridge329.qodeinteractive.com\/?page_id=147"},"modified":"2021-07-30T09:59:18","modified_gmt":"2021-07-30T09:59:18","slug":"contact-us","status":"publish","type":"page","link":"https:\/\/gjirofarm.al\/en\/contact-us\/","title":{"rendered":"Contact us"},"content":{"rendered":"<div class=\"wpb-content-wrapper\"><div      class=\"vc_row wpb_row section vc_row-fluid  grid_section\" style=' text-align:left;'><div class=\"section_inner clearfix\"><div class='section_inner_margin clearfix'><div class=\"wpb_column vc_column_container vc_col-sm-12\"><div class=\"vc_column-inner\"><div class=\"wpb_wrapper\">\n\t<div class=\"wpb_text_column wpb_content_element\">\n\t\t<div class=\"wpb_wrapper\">\n\t\t\t\n\n\t\t<\/div> \n\t<\/div> <\/div><\/div><\/div><div class=\"wpb_column vc_column_container vc_col-sm-12\"><div class=\"vc_column-inner\"><div class=\"wpb_wrapper\"><div class=\"animated_icons_with_text clearfix two_columns\"><div class=\"animated_icon_with_text_holder\"><a href=\"\" target=\"_blank\"><div class=\"animated_icon_with_text_inner\"><div class=\"animated_icon_holder\"><div class=\"animated_icon\"><div class=\"animated_icon_inner\"><span class=\"animated_icon_front\"><i class='fa fa-map-o' style=\"color:#095540;font-size:25px;\";><\/i><\/span><span class=\"animated_icon_back\"><i class='fa fa-map-o' style=\"color:#ffffff;background-color: #095540;font-size:25px;\";><\/i><\/span><\/div><\/div><\/div><div class=\"animated_text_holder\"><div class=\"animated_text_holder_wrap\"><div class=\"animated_text_holder_wrap_inner\"><div class=\"animated_text_holder_inner\"><div class=\"animated_title\"><div class=\"animated_title_inner\"><h5>Tiran\u00eb<\/h5><\/div><\/div><div class=\"animated_text\"><p><span>Address: Tiran\u00eb, Albania<br \/>\nPhone: +355 69 40 68 801<\/span><\/p><\/div><\/div><\/div><\/div><\/div><\/div><\/a><\/div><div class=\"animated_icon_with_text_holder\"><a href=\"\" target=\"_blank\"><div class=\"animated_icon_with_text_inner\"><div class=\"animated_icon_holder\"><div class=\"animated_icon\"><div class=\"animated_icon_inner\"><span class=\"animated_icon_front\"><i class='fa fa-map-o' style=\"color:#095540;font-size:25px;\";><\/i><\/span><span class=\"animated_icon_back\"><i class='fa fa-map-o' style=\"color:#ffffff;background-color: #095540;font-size:25px;\";><\/i><\/span><\/div><\/div><\/div><div class=\"animated_text_holder\"><div class=\"animated_text_holder_wrap\"><div class=\"animated_text_holder_wrap_inner\"><div class=\"animated_text_holder_inner\"><div class=\"animated_title\"><div class=\"animated_title_inner\"><h5>Gjirokast\u00ebr<\/h5><\/div><\/div><div class=\"animated_text\"><p><span>Address: Vrisera, Gjirokast\u00ebr, Albania<br \/>\nPhone: +355 884 90230 \/ +355 884 90231<\/span><\/p><\/div><\/div><\/div><\/div><\/div><\/div><\/a><\/div><\/div><\/div><\/div><\/div><div class=\"wpb_column vc_column_container vc_col-sm-12\"><div class=\"vc_column-inner\"><div class=\"wpb_wrapper\"><div      class=\"vc_row wpb_row section vc_row-fluid vc_inner\" style=' text-align:left;'><div class=\"full_section_inner clearfix\"><div class=\"wpb_column vc_column_container vc_col-sm-12\"><div class=\"vc_column-inner\"><div class=\"wpb_wrapper\">\t<div class=\"vc_empty_space\"  style=\"height: 32px\" ><span\n\t\t\tclass=\"vc_empty_space_inner\">\n\t\t\t<span class=\"empty_space_image\"  ><\/span>\n\t\t<\/span><\/div>\n\n\n\t<div class=\"wpb_text_column wpb_content_element\">\n\t\t<div class=\"wpb_wrapper\">\n\t\t\t<h1 style=\"text-align: center;\">Send us a message<\/h1>\n\n\t\t<\/div> \n\t<\/div> <\/div><\/div><\/div><div class=\"wpb_column vc_column_container vc_col-sm-2\"><div class=\"vc_column-inner\"><div class=\"wpb_wrapper\"><\/div><\/div><\/div><div class=\"wpb_column vc_column_container vc_col-sm-8\"><div class=\"vc_column-inner\"><div class=\"wpb_wrapper\">\t<div class=\"vc_empty_space\"  style=\"height: 32px\" ><span\n\t\t\tclass=\"vc_empty_space_inner\">\n\t\t\t<span class=\"empty_space_image\"  ><\/span>\n\t\t<\/span><\/div>\n\n\n<div class=\"wpcf7 no-js\" id=\"wpcf7-f454-o1\" lang=\"en-US\" dir=\"ltr\" data-wpcf7-id=\"454\">\n<div class=\"screen-reader-response\"><p role=\"status\" aria-live=\"polite\" aria-atomic=\"true\"><\/p> <ul><\/ul><\/div>\n<form action=\"\/en\/wp-json\/wp\/v2\/pages\/147#wpcf7-f454-o1\" method=\"post\" class=\"wpcf7-form init cf7_custom_style_1\" aria-label=\"Contact form\" novalidate=\"novalidate\" data-status=\"init\" data-trp-original-action=\"\/en\/wp-json\/wp\/v2\/pages\/147#wpcf7-f454-o1\">\n<fieldset class=\"hidden-fields-container\"><input type=\"hidden\" name=\"_wpcf7\" value=\"454\" \/><input type=\"hidden\" name=\"_wpcf7_version\" value=\"6.1.5\" \/><input type=\"hidden\" name=\"_wpcf7_locale\" value=\"en_US\" \/><input type=\"hidden\" name=\"_wpcf7_unit_tag\" value=\"wpcf7-f454-o1\" \/><input type=\"hidden\" name=\"_wpcf7_container_post\" value=\"0\" \/><input type=\"hidden\" name=\"_wpcf7_posted_data_hash\" value=\"\" \/>\n<\/fieldset>\n<p><label> Your name<br \/>\n<span class=\"wpcf7-form-control-wrap\" data-name=\"your-name\"><input size=\"40\" maxlength=\"400\" class=\"wpcf7-form-control wpcf7-text wpcf7-validates-as-required\" aria-required=\"true\" aria-invalid=\"false\" value=\"\" type=\"text\" name=\"your-name\" \/><\/span> <\/label>\n<\/p>\n<p><label> Your email<br \/>\n<span class=\"wpcf7-form-control-wrap\" data-name=\"your-email\"><input size=\"40\" maxlength=\"400\" class=\"wpcf7-form-control wpcf7-email wpcf7-validates-as-required wpcf7-text wpcf7-validates-as-email\" aria-required=\"true\" aria-invalid=\"false\" value=\"\" type=\"email\" name=\"your-email\" \/><\/span> <\/label>\n<\/p>\n<p><label> Subject<br \/>\n<span class=\"wpcf7-form-control-wrap\" data-name=\"your-subject\"><input size=\"40\" maxlength=\"400\" class=\"wpcf7-form-control wpcf7-text wpcf7-validates-as-required\" aria-required=\"true\" aria-invalid=\"false\" value=\"\" type=\"text\" name=\"your-subject\" \/><\/span> <\/label>\n<\/p>\n<p><label> Your message (optional)<br \/>\n<span class=\"wpcf7-form-control-wrap\" data-name=\"your-message\"><textarea cols=\"40\" rows=\"10\" maxlength=\"2000\" class=\"wpcf7-form-control wpcf7-textarea\" aria-invalid=\"false\" name=\"your-message\"><\/textarea><\/span> <\/label>\n<\/p>\n<p><input class=\"wpcf7-form-control wpcf7-submit has-spinner\" type=\"submit\" value=\"Submit\" \/>\n<\/p><p style=\"display: none !important;\" class=\"akismet-fields-container\" data-prefix=\"_wpcf7_ak_\"><label>&#916;<textarea name=\"_wpcf7_ak_hp_textarea\" cols=\"45\" rows=\"8\" maxlength=\"100\"><\/textarea><\/label><input type=\"hidden\" id=\"ak_js_1\" name=\"_wpcf7_ak_js\" value=\"198\"\/><script>document.getElementById( \"ak_js_1\" ).setAttribute( \"value\", ( new Date() ).getTime() );<\/script><\/p><div class=\"wpcf7-response-output\" aria-hidden=\"true\"><\/div>\n<input type=\"hidden\" name=\"trp-form-language\" value=\"en\"\/><\/form>\n<\/div>\n\t<div class=\"vc_empty_space\"  style=\"height: 32px\" ><span\n\t\t\tclass=\"vc_empty_space_inner\">\n\t\t\t<span class=\"empty_space_image\"  ><\/span>\n\t\t<\/span><\/div>\n\n<\/div><\/div><\/div><div class=\"wpb_column vc_column_container vc_col-sm-2\"><div class=\"vc_column-inner\"><div class=\"wpb_wrapper\"><\/div><\/div><\/div><\/div><\/div><\/div><\/div><\/div><\/div><\/div><\/div>\n<\/div>","protected":false},"excerpt":{"rendered":"Tiran\u00ebAddress: Tiran\u00eb, Albania Phone: +355 69 40 68 801Gjirokast\u00ebrAddress: Vrisera, Gjirokast\u00ebr, Albania Phone: +355 884 90230 \/ +355 884 90231 Send us a message Your name Your email Subject Your message (optional) &#916;","protected":false},"author":1,"featured_media":0,"parent":0,"menu_order":0,"comment_status":"closed","ping_status":"closed","template":"full_width.php","meta":{"footnotes":""},"class_list":["post-147","page","type-page","status-publish","hentry"],"_links":{"self":[{"href":"https:\/\/gjirofarm.al\/en\/wp-json\/wp\/v2\/pages\/147","targetHints":{"allow":["GET"]}}],"collection":[{"href":"https:\/\/gjirofarm.al\/en\/wp-json\/wp\/v2\/pages"}],"about":[{"href":"https:\/\/gjirofarm.al\/en\/wp-json\/wp\/v2\/types\/page"}],"author":[{"embeddable":true,"href":"https:\/\/gjirofarm.al\/en\/wp-json\/wp\/v2\/users\/1"}],"replies":[{"embeddable":true,"href":"https:\/\/gjirofarm.al\/en\/wp-json\/wp\/v2\/comments?post=147"}],"version-history":[{"count":11,"href":"https:\/\/gjirofarm.al\/en\/wp-json\/wp\/v2\/pages\/147\/revisions"}],"predecessor-version":[{"id":444,"href":"https:\/\/gjirofarm.al\/en\/wp-json\/wp\/v2\/pages\/147\/revisions\/444"}],"wp:attachment":[{"href":"https:\/\/gjirofarm.al\/en\/wp-json\/wp\/v2\/media?parent=147"}],"curies":[{"name":"wp","href":"https:\/\/api.w.org\/{rel}","templated":true}]}}