{"id":969,"date":"2021-03-21T15:30:54","date_gmt":"2021-03-21T15:30:54","guid":{"rendered":"https:\/\/gjirofarm.al\/?post_type=product&#038;p=969"},"modified":"2021-11-12T15:15:04","modified_gmt":"2021-11-12T15:15:04","slug":"kos-lope-natyral-3-8-vogel","status":"publish","type":"product","link":"https:\/\/gjirofarm.al\/en\/product\/kos-lope-natyral-3-8-vogel\/","title":{"rendered":"Cow milk yogurt 3.8%"},"content":{"rendered":"<p><b>Nutritional values in 100 ml:<\/b><\/p>\n<p>Protein 3.1 gr<\/p>\n<p>Carbohydrate 4.7 gr<\/p>\n<p>Mineral salts 0.7 gr<\/p>\n<p>Mineral salts Ca, Mg, K, P<\/p>\n<p>Calories 147 kcal<\/p>\n<p>Dry matter 8.5 g<\/p>\n<p>Vitamins A, B2, B1, C, D, E<\/p>\n<p>Gjirofarm cow milk yogurt also comes in bottle format, which preserves even more freshness and taste.<\/p>\n<p>Can be found in 900g packaging.<\/p>","protected":false},"excerpt":{"rendered":"<p>Gjirofarm cow milk yogurt is produced with the same method that has been used in the Gjirokastra region for many years.<\/p>\n<p>Kosi i lop\u00ebs Gjirofarm ka shije tep\u00ebr t\u00eb k\u00ebnd\u00ebshme dhe vlera t\u00eb shumta ushqimore, pasi p\u00ebrmban proteina, karbohidrate, vitamin\u00eb A, B etj.<\/p>\n<p>Kosi Gjirofarm \u00ebsht\u00eb ideal p\u00ebr t\u00eb shoq\u00ebruar vaktin tuaj ose p\u00ebr t\u2019u p\u00ebrdorur si nj\u00eb vakt m\u00eb vete.<\/p>\n<p>Can be found in 400 g packaging.<\/p>","protected":false},"featured_media":1204,"template":"","meta":[],"product_brand":[],"product_cat":[52],"product_tag":[],"class_list":{"0":"post-969","1":"product","2":"type-product","3":"status-publish","4":"has-post-thumbnail","6":"product_cat-kos","8":"first","9":"instock","10":"shipping-taxable","11":"product-type-simple"},"_links":{"self":[{"href":"https:\/\/gjirofarm.al\/en\/wp-json\/wp\/v2\/product\/969","targetHints":{"allow":["GET"]}}],"collection":[{"href":"https:\/\/gjirofarm.al\/en\/wp-json\/wp\/v2\/product"}],"about":[{"href":"https:\/\/gjirofarm.al\/en\/wp-json\/wp\/v2\/types\/product"}],"wp:featuredmedia":[{"embeddable":true,"href":"https:\/\/gjirofarm.al\/en\/wp-json\/wp\/v2\/media\/1204"}],"wp:attachment":[{"href":"https:\/\/gjirofarm.al\/en\/wp-json\/wp\/v2\/media?parent=969"}],"wp:term":[{"taxonomy":"product_brand","embeddable":true,"href":"https:\/\/gjirofarm.al\/en\/wp-json\/wp\/v2\/product_brand?post=969"},{"taxonomy":"product_cat","embeddable":true,"href":"https:\/\/gjirofarm.al\/en\/wp-json\/wp\/v2\/product_cat?post=969"},{"taxonomy":"product_tag","embeddable":true,"href":"https:\/\/gjirofarm.al\/en\/wp-json\/wp\/v2\/product_tag?post=969"}],"curies":[{"name":"wp","href":"https:\/\/api.w.org\/{rel}","templated":true}]}}